{"id":1082,"date":"2021-05-31T10:59:42","date_gmt":"2021-05-31T08:59:42","guid":{"rendered":"http:\/\/www.clg-daubigny-auvers.ac-versailles.fr\/?page_id=1082"},"modified":"2022-05-06T15:45:43","modified_gmt":"2022-05-06T13:45:43","slug":"projets-et-sorties","status":"publish","type":"page","link":"https:\/\/clg-daubigny-auvers.ac-versailles.fr\/?page_id=1082","title":{"rendered":"Projets et Sorties"},"content":{"rendered":"<div id=\"resume\" class=\"p-like\">\n<div class=\"row\">\n<h1 class=\"col--xs-12 col--sm-6 col--lg-8\"><span class=\"b-like\">Semaines de sensibilisation aux handicaps<\/span><\/h1>\n<\/div>\n<\/div>\n<div id=\"corps\" class=\"p-like wysiwyg\">\n<p class=\"normal\"><strong>Durant deux semaines, le coll\u00e8ge a organis\u00e9 une sensibilisation aux handicaps au sein de l&rsquo;\u00e9tablissement.<\/strong><\/p>\n<p class=\"normal\">Au programme, sport adapt\u00e9, visionnage de films, interventions th\u00e9oriques et culturelles, rencontres et animations se succ\u00e8dent au sein du coll\u00e8ge.<\/p>\n<p class=\"normal\">Voici la bande-annonce de ces deux semaines de sensibilisation, riches en \u00e9v\u00e9nements vari\u00e9s (en classe, au CDI, au gymnase, au r\u00e9fectoire\u2026) autour des th\u00e8mes des situations de handicap et du partage d&rsquo;exp\u00e9riences.<\/p>\n<p class=\"text--center\">\n<\/div>\n","protected":false},"excerpt":{"rendered":"<p>Semaines de sensibilisation aux handicaps Durant deux semaines, le coll\u00e8ge a organis\u00e9 une sensibilisation aux handicaps au sein de l&rsquo;\u00e9tablissement.<\/p>\n","protected":false},"author":2757,"featured_media":0,"parent":0,"menu_order":0,"comment_status":"closed","ping_status":"closed","template":"","meta":{"colormag_page_container_layout":"default_layout","colormag_page_sidebar_layout":"default_layout","_mc_calendar":[],"footnotes":""},"class_list":["post-1082","page","type-page","status-publish","hentry"],"_links":{"self":[{"href":"https:\/\/clg-daubigny-auvers.ac-versailles.fr\/index.php?rest_route=\/wp\/v2\/pages\/1082","targetHints":{"allow":["GET"]}}],"collection":[{"href":"https:\/\/clg-daubigny-auvers.ac-versailles.fr\/index.php?rest_route=\/wp\/v2\/pages"}],"about":[{"href":"https:\/\/clg-daubigny-auvers.ac-versailles.fr\/index.php?rest_route=\/wp\/v2\/types\/page"}],"author":[{"embeddable":true,"href":"https:\/\/clg-daubigny-auvers.ac-versailles.fr\/index.php?rest_route=\/wp\/v2\/users\/2757"}],"replies":[{"embeddable":true,"href":"https:\/\/clg-daubigny-auvers.ac-versailles.fr\/index.php?rest_route=%2Fwp%2Fv2%2Fcomments&post=1082"}],"version-history":[{"count":3,"href":"https:\/\/clg-daubigny-auvers.ac-versailles.fr\/index.php?rest_route=\/wp\/v2\/pages\/1082\/revisions"}],"predecessor-version":[{"id":1354,"href":"https:\/\/clg-daubigny-auvers.ac-versailles.fr\/index.php?rest_route=\/wp\/v2\/pages\/1082\/revisions\/1354"}],"wp:attachment":[{"href":"https:\/\/clg-daubigny-auvers.ac-versailles.fr\/index.php?rest_route=%2Fwp%2Fv2%2Fmedia&parent=1082"}],"curies":[{"name":"wp","href":"https:\/\/api.w.org\/{rel}","templated":true}]}}