{"id":147,"date":"2019-09-12T18:57:39","date_gmt":"2019-09-12T16:57:39","guid":{"rendered":"http:\/\/www.clg-daubigny-auvers.ac-versailles.fr\/?page_id=147"},"modified":"2024-04-19T20:34:45","modified_gmt":"2024-04-19T18:34:45","slug":"presentation","status":"publish","type":"page","link":"https:\/\/clg-daubigny-auvers.ac-versailles.fr\/?page_id=147","title":{"rendered":"Pr\u00e9sentation de l&rsquo;\u00e9tablissement"},"content":{"rendered":"<h4>Page en cours de construction<\/h4>\n<h4>Le Coll\u00e8ge<\/h4>\n<p>&nbsp;<\/p>\n<p>Pr\u00e9sentation et historique<\/p>\n<p>Le Coll\u00e8ge &#8230;.<\/p>\n<p>&nbsp;<\/p>\n<h6><\/h6>\n<p>&nbsp;<\/p>\n<ul>\n<li><a href=\"https:\/\/clg-daubigny-auvers.ac-versailles.fr\/horaires\/\">Horaires<\/a><\/li>\n<li><a href=\"https:\/\/clg-daubigny-auvers.ac-versailles.fr\/informations-pratiques\/\">Acc\u00e8s \/ Informations pratiques<\/a><\/li>\n<\/ul>\n<p>&nbsp;<\/p>\n<h4>Au coll\u00e8ge en ce moment<\/h4>\n<p>&nbsp;<\/p>\n<div class=\"pt-cv-wrapper\"><div class=\"pt-cv-view pt-cv-grid pt-cv-colsys\" id=\"pt-cv-view-3028ab771f\"><div data-id=\"pt-cv-page-1\" class=\"pt-cv-page cv-npf\" data-cvc=\"2\"><div class=\"col-md-6 col-sm-6 col-xs-12 pt-cv-content-item pt-cv-1-col\" ><div class='pt-cv-ifield'><div class=\"pt-cv-no-post\">Aucune publication trouv\u00e9e.<\/div><\/div><\/div><\/div><\/div><\/div>\n","protected":false},"excerpt":{"rendered":"<p>Page en cours de construction Le Coll\u00e8ge &nbsp; Pr\u00e9sentation et historique Le Coll\u00e8ge &#8230;. &nbsp; &nbsp; Horaires Acc\u00e8s \/ Informations<\/p>\n","protected":false},"author":1,"featured_media":0,"parent":0,"menu_order":0,"comment_status":"closed","ping_status":"closed","template":"","meta":{"colormag_page_container_layout":"default_layout","colormag_page_sidebar_layout":"default_layout","_mc_calendar":[],"footnotes":""},"class_list":["post-147","page","type-page","status-publish","hentry"],"_links":{"self":[{"href":"https:\/\/clg-daubigny-auvers.ac-versailles.fr\/index.php?rest_route=\/wp\/v2\/pages\/147","targetHints":{"allow":["GET"]}}],"collection":[{"href":"https:\/\/clg-daubigny-auvers.ac-versailles.fr\/index.php?rest_route=\/wp\/v2\/pages"}],"about":[{"href":"https:\/\/clg-daubigny-auvers.ac-versailles.fr\/index.php?rest_route=\/wp\/v2\/types\/page"}],"author":[{"embeddable":true,"href":"https:\/\/clg-daubigny-auvers.ac-versailles.fr\/index.php?rest_route=\/wp\/v2\/users\/1"}],"replies":[{"embeddable":true,"href":"https:\/\/clg-daubigny-auvers.ac-versailles.fr\/index.php?rest_route=%2Fwp%2Fv2%2Fcomments&post=147"}],"version-history":[{"count":9,"href":"https:\/\/clg-daubigny-auvers.ac-versailles.fr\/index.php?rest_route=\/wp\/v2\/pages\/147\/revisions"}],"predecessor-version":[{"id":1985,"href":"https:\/\/clg-daubigny-auvers.ac-versailles.fr\/index.php?rest_route=\/wp\/v2\/pages\/147\/revisions\/1985"}],"wp:attachment":[{"href":"https:\/\/clg-daubigny-auvers.ac-versailles.fr\/index.php?rest_route=%2Fwp%2Fv2%2Fmedia&parent=147"}],"curies":[{"name":"wp","href":"https:\/\/api.w.org\/{rel}","templated":true}]}}