{"id":152,"date":"2019-09-12T19:14:59","date_gmt":"2019-09-12T17:14:59","guid":{"rendered":"http:\/\/www.clg-daubigny-auvers.ac-versailles.fr\/?page_id=152"},"modified":"2024-04-19T20:32:26","modified_gmt":"2024-04-19T18:32:26","slug":"informations-pratiques","status":"publish","type":"page","link":"https:\/\/clg-daubigny-auvers.ac-versailles.fr\/?page_id=152","title":{"rendered":"Informations pratiques"},"content":{"rendered":"<h4>Adresse postale<\/h4>\n<p><strong>Coll\u00e8ge Daubigny<\/strong><br \/>\n6 Rue Pierre B\u00e9r\u00e9govoy<br \/>\n95430 Auvers-sur-Oise<br \/>\nT\u00e9l. : 01 34 48 09 09<\/p>\n<ul>\n<li>\n<div class=\"col-md-1 line-number\">\n<div class=\"line-number-content column \" title=\"Ligne 050\"><\/div>\n<\/div>\n<div id=\"\" class=\"ligne-name col-md-8\">\n<div class=\"ligne-arrivee\"><\/div>\n<\/div>\n<\/li>\n<\/ul>\n<div class=\"col-md-1 line-number\"><\/div>\n<h4>G\u00e9olocalisation<\/h4>\n<p>&nbsp;<\/p>\n","protected":false},"excerpt":{"rendered":"<p>Adresse postale Coll\u00e8ge Daubigny 6 Rue Pierre B\u00e9r\u00e9govoy 95430 Auvers-sur-Oise T\u00e9l. : 01 34 48 09 09 G\u00e9olocalisation &nbsp;<\/p>\n","protected":false},"author":2773,"featured_media":0,"parent":0,"menu_order":0,"comment_status":"closed","ping_status":"closed","template":"","meta":{"colormag_page_container_layout":"default_layout","colormag_page_sidebar_layout":"default_layout","_mc_calendar":[],"footnotes":""},"class_list":["post-152","page","type-page","status-publish","hentry"],"_links":{"self":[{"href":"https:\/\/clg-daubigny-auvers.ac-versailles.fr\/index.php?rest_route=\/wp\/v2\/pages\/152","targetHints":{"allow":["GET"]}}],"collection":[{"href":"https:\/\/clg-daubigny-auvers.ac-versailles.fr\/index.php?rest_route=\/wp\/v2\/pages"}],"about":[{"href":"https:\/\/clg-daubigny-auvers.ac-versailles.fr\/index.php?rest_route=\/wp\/v2\/types\/page"}],"author":[{"embeddable":true,"href":"https:\/\/clg-daubigny-auvers.ac-versailles.fr\/index.php?rest_route=\/wp\/v2\/users\/2773"}],"replies":[{"embeddable":true,"href":"https:\/\/clg-daubigny-auvers.ac-versailles.fr\/index.php?rest_route=%2Fwp%2Fv2%2Fcomments&post=152"}],"version-history":[{"count":8,"href":"https:\/\/clg-daubigny-auvers.ac-versailles.fr\/index.php?rest_route=\/wp\/v2\/pages\/152\/revisions"}],"predecessor-version":[{"id":1983,"href":"https:\/\/clg-daubigny-auvers.ac-versailles.fr\/index.php?rest_route=\/wp\/v2\/pages\/152\/revisions\/1983"}],"wp:attachment":[{"href":"https:\/\/clg-daubigny-auvers.ac-versailles.fr\/index.php?rest_route=%2Fwp%2Fv2%2Fmedia&parent=152"}],"curies":[{"name":"wp","href":"https:\/\/api.w.org\/{rel}","templated":true}]}}