{"id":1943,"date":"2024-04-19T20:20:09","date_gmt":"2024-04-19T18:20:09","guid":{"rendered":"https:\/\/clg-daubigny-auvers.ac-versailles.fr\/?page_id=1943"},"modified":"2025-11-06T14:05:55","modified_gmt":"2025-11-06T13:05:55","slug":"pole-medico-social","status":"publish","type":"page","link":"https:\/\/clg-daubigny-auvers.ac-versailles.fr\/?page_id=1943","title":{"rendered":"P\u00f4le m\u00e9dico-social"},"content":{"rendered":"<p><strong>Infirmi\u00e8re scolaire<\/strong><\/p>\n<p>Mme DANNO<\/p>\n<p>&nbsp;<\/p>\n<p><strong>Psychologue de l&rsquo;Education Nationale<\/strong><\/p>\n<p>Mme LEBOUCHER<\/p>\n<p>&nbsp;<\/p>\n<p><strong>Centre m\u00e9dico-scolaire de Persan<\/strong><\/p>\n<p>Docteur DEWERDT<\/p>\n<p>01 34 70 31 60<\/p>\n<p>cms.persan@ac-versailles.fr<\/p>\n","protected":false},"excerpt":{"rendered":"<p>Infirmi\u00e8re scolaire Mme DANNO &nbsp; Psychologue de l&rsquo;Education Nationale Mme LEBOUCHER &nbsp; Centre m\u00e9dico-scolaire de Persan Docteur DEWERDT 01 34<\/p>\n","protected":false},"author":3402,"featured_media":0,"parent":0,"menu_order":0,"comment_status":"closed","ping_status":"closed","template":"","meta":{"colormag_page_container_layout":"default_layout","colormag_page_sidebar_layout":"default_layout","_mc_calendar":[],"footnotes":""},"class_list":["post-1943","page","type-page","status-publish","hentry"],"_links":{"self":[{"href":"https:\/\/clg-daubigny-auvers.ac-versailles.fr\/index.php?rest_route=\/wp\/v2\/pages\/1943","targetHints":{"allow":["GET"]}}],"collection":[{"href":"https:\/\/clg-daubigny-auvers.ac-versailles.fr\/index.php?rest_route=\/wp\/v2\/pages"}],"about":[{"href":"https:\/\/clg-daubigny-auvers.ac-versailles.fr\/index.php?rest_route=\/wp\/v2\/types\/page"}],"author":[{"embeddable":true,"href":"https:\/\/clg-daubigny-auvers.ac-versailles.fr\/index.php?rest_route=\/wp\/v2\/users\/3402"}],"replies":[{"embeddable":true,"href":"https:\/\/clg-daubigny-auvers.ac-versailles.fr\/index.php?rest_route=%2Fwp%2Fv2%2Fcomments&post=1943"}],"version-history":[{"count":3,"href":"https:\/\/clg-daubigny-auvers.ac-versailles.fr\/index.php?rest_route=\/wp\/v2\/pages\/1943\/revisions"}],"predecessor-version":[{"id":2363,"href":"https:\/\/clg-daubigny-auvers.ac-versailles.fr\/index.php?rest_route=\/wp\/v2\/pages\/1943\/revisions\/2363"}],"wp:attachment":[{"href":"https:\/\/clg-daubigny-auvers.ac-versailles.fr\/index.php?rest_route=%2Fwp%2Fv2%2Fmedia&parent=1943"}],"curies":[{"name":"wp","href":"https:\/\/api.w.org\/{rel}","templated":true}]}}