{"id":1945,"date":"2024-04-19T20:20:09","date_gmt":"2024-04-19T18:20:09","guid":{"rendered":"https:\/\/clg-daubigny-auvers.ac-versailles.fr\/?page_id=1945"},"modified":"2024-04-19T20:28:27","modified_gmt":"2024-04-19T18:28:27","slug":"contacter-le-college","status":"publish","type":"page","link":"https:\/\/clg-daubigny-auvers.ac-versailles.fr\/?page_id=1945","title":{"rendered":"Contacter le Coll\u00e8ge"},"content":{"rendered":"<h2><span style=\"color: #3366ff\">Coll\u00e8ge Charles-Fran\u00e7ois DAUBIGNY<\/span><\/h2>\n<h4>Adresse : 6 rue Pierre B\u00e9r\u00e9govoy<\/h4>\n<h4>95430 AUVERS SUR OISE<\/h4>\n<h4>T\u00e9l\u00e9phone : 01 34 48 09 09<\/h4>\n<h4>Fax : 01 34 48 09 10<\/h4>\n<h4>N\u00b0 RNE : 0951823R<\/h4>\n<h4>Courriel : <span style=\"color: #3366ff\">ce.0951823r@ac-versailles.fr<\/span><\/h4>\n","protected":false},"excerpt":{"rendered":"<p>Coll\u00e8ge Charles-Fran\u00e7ois DAUBIGNY Adresse : 6 rue Pierre B\u00e9r\u00e9govoy 95430 AUVERS SUR OISE T\u00e9l\u00e9phone : 01 34 48 09 09<\/p>\n","protected":false},"author":3402,"featured_media":0,"parent":0,"menu_order":0,"comment_status":"closed","ping_status":"closed","template":"","meta":{"colormag_page_container_layout":"default_layout","colormag_page_sidebar_layout":"default_layout","_mc_calendar":[],"footnotes":""},"class_list":["post-1945","page","type-page","status-publish","hentry"],"_links":{"self":[{"href":"https:\/\/clg-daubigny-auvers.ac-versailles.fr\/index.php?rest_route=\/wp\/v2\/pages\/1945","targetHints":{"allow":["GET"]}}],"collection":[{"href":"https:\/\/clg-daubigny-auvers.ac-versailles.fr\/index.php?rest_route=\/wp\/v2\/pages"}],"about":[{"href":"https:\/\/clg-daubigny-auvers.ac-versailles.fr\/index.php?rest_route=\/wp\/v2\/types\/page"}],"author":[{"embeddable":true,"href":"https:\/\/clg-daubigny-auvers.ac-versailles.fr\/index.php?rest_route=\/wp\/v2\/users\/3402"}],"replies":[{"embeddable":true,"href":"https:\/\/clg-daubigny-auvers.ac-versailles.fr\/index.php?rest_route=%2Fwp%2Fv2%2Fcomments&post=1945"}],"version-history":[{"count":4,"href":"https:\/\/clg-daubigny-auvers.ac-versailles.fr\/index.php?rest_route=\/wp\/v2\/pages\/1945\/revisions"}],"predecessor-version":[{"id":1982,"href":"https:\/\/clg-daubigny-auvers.ac-versailles.fr\/index.php?rest_route=\/wp\/v2\/pages\/1945\/revisions\/1982"}],"wp:attachment":[{"href":"https:\/\/clg-daubigny-auvers.ac-versailles.fr\/index.php?rest_route=%2Fwp%2Fv2%2Fmedia&parent=1945"}],"curies":[{"name":"wp","href":"https:\/\/api.w.org\/{rel}","templated":true}]}}