{"id":213,"date":"2019-09-12T20:18:20","date_gmt":"2019-09-12T18:18:20","guid":{"rendered":"http:\/\/www.clg-daubigny-auvers.ac-versailles.fr\/?page_id=213"},"modified":"2021-09-22T15:35:03","modified_gmt":"2021-09-22T13:35:03","slug":"le-cdi","status":"publish","type":"page","link":"https:\/\/clg-daubigny-auvers.ac-versailles.fr\/?page_id=213","title":{"rendered":"Le CDI"},"content":{"rendered":"<h3>Horaires<\/h3>\n<p>Le CDI ouvre d\u00e8s le matin \u00e0 8H afin de permettre aux \u00e9l\u00e8ves d&rsquo;effectuer le retour des livres avant d &lsquo;aller en cours.<br \/>\nIl est ouvert \u00e9galement \u00e0 la r\u00e9cr\u00e9ation du matin et sur la pause m\u00e9ridienne ( de 13h20 \u00e0 13h55).<\/p>\n<h3>Consultation du fonds<\/h3>\n<p>Vous pouvez faire vos recherches et acc\u00e9der au catalogue du CDI par le biais du portail documentaire en ligne en suivant ce lien : <a href=\"https:\/\/0951823r.esidoc.fr\/\">0951823r.esidoc.fr<\/a><\/p>\n<p>&nbsp;<\/p>\n<div class=\"pt-cv-wrapper\"><div class=\"pt-cv-view pt-cv-grid pt-cv-colsys\" id=\"pt-cv-view-5c67d514nt\"><div data-id=\"pt-cv-page-1\" class=\"pt-cv-page\" data-cvc=\"2\"><div class=\"col-md-6 col-sm-6 col-xs-12 pt-cv-content-item pt-cv-1-col\" ><div class='pt-cv-ifield'><a href=\"https:\/\/clg-daubigny-auvers.ac-versailles.fr\/?p=2439\" class=\"_self pt-cv-href-thumbnail pt-cv-thumb-default\" target=\"_self\" ><img loading=\"lazy\" decoding=\"async\" width=\"212\" height=\"300\" src=\"https:\/\/clg-daubigny-auvers.ac-versailles.fr\/wp-content\/uploads\/sites\/440\/2025\/12\/Classe-Laurier-Info-Com-212x300.jpg\" class=\"pt-cv-thumbnail\" alt=\"\" srcset=\"https:\/\/clg-daubigny-auvers.ac-versailles.fr\/wp-content\/uploads\/sites\/440\/2025\/12\/Classe-Laurier-Info-Com-212x300.jpg 212w, https:\/\/clg-daubigny-auvers.ac-versailles.fr\/wp-content\/uploads\/sites\/440\/2025\/12\/Classe-Laurier-Info-Com-e1767022609680.jpg 231w\" sizes=\"auto, (max-width: 212px) 100vw, 212px\" \/><\/a>\n<h4 class=\"pt-cv-title\"><a href=\"https:\/\/clg-daubigny-auvers.ac-versailles.fr\/?p=2439\" class=\"_self\" target=\"_self\" >Nouveau : le premier num\u00e9ro du CLIC !<\/a><\/h4>\n<div class=\"pt-cv-content\">Voici le Hors-s\u00e9rie du CLIC, le nouveau magazine de la classe m\u00e9dias ! CLIC = Classe Laurier Info Com Les ...<br \/><div class=\"pt-cv-rmwrap\"><a href=\"https:\/\/clg-daubigny-auvers.ac-versailles.fr\/?p=2439\" class=\"_self pt-cv-readmore btn btn-success\" target=\"_self\">Lire la suite\u2026<\/a><\/div><\/div><\/div><\/div><\/div><\/div><\/div>\n<p>[fts_instagram instagram_id=17841433973723440 access_token=IGQVJWZAElHVFNobXRyMUFhNTN1ZATZA5cWx6c0ZATSUdPeWtqeEpnVmJLYmRveWJwZAVJ6SFdWZA3N4NjhxV0FCSFhVcG1RZAXhWQ0FUcXRXU19JX3JRcVdQRWlwbHBXS3dPc2FGQzZACSGhn pics_count=6 type=basic super_gallery=yes columns=3 force_columns=no space_between_photos=1px icon_size=65px hide_date_likes_comments=no]<\/p>\n","protected":false},"excerpt":{"rendered":"<p>Horaires Le CDI ouvre d\u00e8s le matin \u00e0 8H afin de permettre aux \u00e9l\u00e8ves d&rsquo;effectuer le retour des livres avant<\/p>\n","protected":false},"author":1,"featured_media":0,"parent":0,"menu_order":0,"comment_status":"closed","ping_status":"closed","template":"","meta":{"colormag_page_container_layout":"default_layout","colormag_page_sidebar_layout":"default_layout","_mc_calendar":[],"footnotes":""},"class_list":["post-213","page","type-page","status-publish","hentry"],"_links":{"self":[{"href":"https:\/\/clg-daubigny-auvers.ac-versailles.fr\/index.php?rest_route=\/wp\/v2\/pages\/213","targetHints":{"allow":["GET"]}}],"collection":[{"href":"https:\/\/clg-daubigny-auvers.ac-versailles.fr\/index.php?rest_route=\/wp\/v2\/pages"}],"about":[{"href":"https:\/\/clg-daubigny-auvers.ac-versailles.fr\/index.php?rest_route=\/wp\/v2\/types\/page"}],"author":[{"embeddable":true,"href":"https:\/\/clg-daubigny-auvers.ac-versailles.fr\/index.php?rest_route=\/wp\/v2\/users\/1"}],"replies":[{"embeddable":true,"href":"https:\/\/clg-daubigny-auvers.ac-versailles.fr\/index.php?rest_route=%2Fwp%2Fv2%2Fcomments&post=213"}],"version-history":[{"count":9,"href":"https:\/\/clg-daubigny-auvers.ac-versailles.fr\/index.php?rest_route=\/wp\/v2\/pages\/213\/revisions"}],"predecessor-version":[{"id":1193,"href":"https:\/\/clg-daubigny-auvers.ac-versailles.fr\/index.php?rest_route=\/wp\/v2\/pages\/213\/revisions\/1193"}],"wp:attachment":[{"href":"https:\/\/clg-daubigny-auvers.ac-versailles.fr\/index.php?rest_route=%2Fwp%2Fv2%2Fmedia&parent=213"}],"curies":[{"name":"wp","href":"https:\/\/api.w.org\/{rel}","templated":true}]}}