{"id":551,"date":"2020-04-26T17:22:53","date_gmt":"2020-04-26T15:22:53","guid":{"rendered":"http:\/\/www.clg-daubigny-auvers.ac-versailles.fr\/?page_id=551"},"modified":"2020-05-19T12:28:34","modified_gmt":"2020-05-19T10:28:34","slug":"allemand","status":"publish","type":"page","link":"https:\/\/clg-daubigny-auvers.ac-versailles.fr\/?page_id=551","title":{"rendered":"Allemand"},"content":{"rendered":"<div class=\"pt-cv-wrapper\"><div class=\"pt-cv-view pt-cv-grid pt-cv-colsys\" id=\"pt-cv-view-aec534cba9\"><div data-id=\"pt-cv-page-1\" class=\"pt-cv-page\" data-cvc=\"2\"><div class=\"col-md-6 col-sm-6 col-xs-12 pt-cv-content-item pt-cv-1-col\" ><div class='pt-cv-ifield'><a href=\"https:\/\/clg-daubigny-auvers.ac-versailles.fr\/?p=2505\" class=\"_self pt-cv-href-thumbnail pt-cv-thumb-default\" target=\"_self\" ><img loading=\"lazy\" decoding=\"async\" width=\"300\" height=\"164\" src=\"https:\/\/clg-daubigny-auvers.ac-versailles.fr\/wp-content\/uploads\/sites\/440\/2026\/01\/jfa2025-visuel-site-jpg-50237-2-300x164.jpg\" class=\"pt-cv-thumbnail\" alt=\"\" srcset=\"https:\/\/clg-daubigny-auvers.ac-versailles.fr\/wp-content\/uploads\/sites\/440\/2026\/01\/jfa2025-visuel-site-jpg-50237-2-300x164.jpg 300w, https:\/\/clg-daubigny-auvers.ac-versailles.fr\/wp-content\/uploads\/sites\/440\/2026\/01\/jfa2025-visuel-site-jpg-50237-2-768x419.jpg 768w, https:\/\/clg-daubigny-auvers.ac-versailles.fr\/wp-content\/uploads\/sites\/440\/2026\/01\/jfa2025-visuel-site-jpg-50237-2.jpg 800w\" sizes=\"auto, (max-width: 300px) 100vw, 300px\" \/><\/a>\n<h4 class=\"pt-cv-title\"><a href=\"https:\/\/clg-daubigny-auvers.ac-versailles.fr\/?p=2505\" class=\"_self\" target=\"_self\" >Journ\u00e9e franco-allemande<\/a><\/h4>\n<div class=\"pt-cv-content\">Madame, Monsieur, Chers \u00e9l\u00e8ves, Dans le cadre de la Journ\u00e9e franco-allemande, le coll\u00e8ge participera \u00e0 cette c\u00e9l\u00e9bration le jeudi 22 ...<br \/><div class=\"pt-cv-rmwrap\"><a href=\"https:\/\/clg-daubigny-auvers.ac-versailles.fr\/?p=2505\" class=\"_self pt-cv-readmore btn btn-success\" target=\"_self\">Lire La Suite\u2026<\/a><\/div><\/div><\/div><\/div><\/div><\/div><\/div>\n","protected":false},"excerpt":{"rendered":"","protected":false},"author":2633,"featured_media":0,"parent":0,"menu_order":0,"comment_status":"closed","ping_status":"closed","template":"","meta":{"colormag_page_container_layout":"default_layout","colormag_page_sidebar_layout":"default_layout","_mc_calendar":[],"footnotes":""},"class_list":["post-551","page","type-page","status-publish","hentry"],"_links":{"self":[{"href":"https:\/\/clg-daubigny-auvers.ac-versailles.fr\/index.php?rest_route=\/wp\/v2\/pages\/551","targetHints":{"allow":["GET"]}}],"collection":[{"href":"https:\/\/clg-daubigny-auvers.ac-versailles.fr\/index.php?rest_route=\/wp\/v2\/pages"}],"about":[{"href":"https:\/\/clg-daubigny-auvers.ac-versailles.fr\/index.php?rest_route=\/wp\/v2\/types\/page"}],"author":[{"embeddable":true,"href":"https:\/\/clg-daubigny-auvers.ac-versailles.fr\/index.php?rest_route=\/wp\/v2\/users\/2633"}],"replies":[{"embeddable":true,"href":"https:\/\/clg-daubigny-auvers.ac-versailles.fr\/index.php?rest_route=%2Fwp%2Fv2%2Fcomments&post=551"}],"version-history":[{"count":5,"href":"https:\/\/clg-daubigny-auvers.ac-versailles.fr\/index.php?rest_route=\/wp\/v2\/pages\/551\/revisions"}],"predecessor-version":[{"id":642,"href":"https:\/\/clg-daubigny-auvers.ac-versailles.fr\/index.php?rest_route=\/wp\/v2\/pages\/551\/revisions\/642"}],"wp:attachment":[{"href":"https:\/\/clg-daubigny-auvers.ac-versailles.fr\/index.php?rest_route=%2Fwp%2Fv2%2Fmedia&parent=551"}],"curies":[{"name":"wp","href":"https:\/\/api.w.org\/{rel}","templated":true}]}}